{"id":2144,"date":"2025-09-12T12:32:28","date_gmt":"2025-09-12T12:32:28","guid":{"rendered":"https:\/\/cuidartecuidando.es\/podcasts\/"},"modified":"2025-10-02T09:25:38","modified_gmt":"2025-10-02T09:25:38","slug":"podcasts","status":"publish","type":"page","link":"https:\/\/cuidartecuidando.es\/ca\/podcasts\/","title":{"rendered":"Podcasts"},"content":{"rendered":"<section class=\"about_us_curvy1_22_1 background-1-light\" data-block-id=\"69e0db5d6308669e0db5d63087\" data-block-name=\"acf\/about-us-curvy1-22-1\" data-post-id=\"2144\" data-stable-id=\"block_c798bb00888ce3580203a85e34c28eef\">\r\n    <div class=\"container\">\r\n        <div class=\"row\">\r\n            <div class=\"col col-imagen\">\r\n                <div class=\"imagen\">\r\n                    <div class=\"imagen1\" style=\"background-image: url('https:\/\/cuidartecuidando.es\/wp-content\/uploads\/2025\/09\/pexels-theshantanukr-18236753-scaled.jpg');\"\r\n                        aria-label=\"\"><\/div>\r\n                    <div class=\"imagen2\" style=\"background-image: url('https:\/\/cuidartecuidando.es\/wp-content\/uploads\/2025\/09\/portada-general.jpg');\"\r\n                        aria-label=\"\"><\/div>\r\n                <\/div>\r\n            <\/div>\r\n            <div class=\"col col-texto\">\r\n                <div class=\"right\">\r\n                                        <h2 class=\"tamano3 color-1-headings-dark\"><span class=\"ez-toc-section\" id=\"Escucha_nuestro_podcast\"><\/span>Escucha nuestro podcast<span class=\"ez-toc-section-end\"><\/span><\/h2>\r\n                                                            <div class=\"texto color-1-body-dark tamano7\"><p data-start=\"153\" data-end=\"516\">&#8220;Cuidarte Cuidando&#8221; es un espacio para quienes cuidan de otras personas y, muchas veces, se olvidan de s\u00ed mismas. Aqu\u00ed encontrar\u00e1s reflexiones, recursos pr\u00e1cticos y entrevistas que te ayudar\u00e1n a recuperar tu bienestar f\u00edsico, emocional, psicol\u00f3gico y social. Un p\u00f3dcast cercano y humano, pensado para personas cuidadoras que necesitan tambi\u00e9n ser cuidados.<\/p>\n<\/div>\r\n                                        \r\n                                            <a href=\"https:\/\/open.spotify.com\/intl-es\" target=\"\" class=\"btn-round tamano-7-mediumcta color-boton-1-texto-normal color-boton-1-texto-hover color-boton-1-normal color-boton-1-hover\">\r\n    \r\n    <span>IR A SPOTIFY<\/span>\r\n<\/a>\r\n\r\n<style>\r\n    .btn-border-rounded {\r\n        border-radius: 12px !important;\r\n    }\r\n\r\n    .btn-border-square {\r\n        border-radius: 0 !important;\r\n    }\r\n\r\n    \/* Estilos de hover *\/\r\n    .btn-hover-hover1:hover {\r\n        filter: contrast(0.55);\r\n    }\r\n\r\n    .btn-hover-hover2:hover {\r\n        filter: sepia(2);\r\n    }\r\n\r\n    \/* Estilos del icono cuando existe *\/\r\n    a i {\r\n        margin-right: 8px;\r\n        font-size: 16px;\r\n    }\r\n\r\n    \/* Icono Lucide *\/\r\n    .btn-icon--lucide {\r\n        display: inline-flex;\r\n        align-items: center;\r\n        justify-content: center;\r\n        margin-right: 8px;\r\n    }\r\n\r\n    .btn-icon--lucide svg {\r\n        width: 16px;\r\n        height: 16px;\r\n        display: block;\r\n    }\r\n<\/style>\r\n                                    <\/div>\r\n            <\/div>\r\n        <\/div>\r\n    <\/div>\r\n<\/section>\r\n<style>\r\n    .about_us_curvy1_22_1 .row {\r\n        display: flex;\r\n        justify-content: flex-start;\r\n        align-items: center;\r\n    }\r\n\r\n    .about_us_curvy1_22_1 .right .vermas span {\r\n        font-weight: var(--tamano5-font-weight);\r\n    }\r\n\r\n    .about_us_curvy1_22_1 .vermas svg path {\r\n        stroke: var(--boton-4-texto-normal);\r\n    }\r\n\r\n    .about_us_curvy1_22_1 .vermas .hide {\r\n        display: none;\r\n    }\r\n\r\n    .about_us_curvy1_22_1 .vermas.show svg {\r\n        transform: rotate(180deg);\r\n    }\r\n\r\n    .about_us_curvy1_22_1 .vermas.show {\r\n        padding-top: 20px;\r\n    }\r\n\r\n    .about_us_curvy1_22_1 .vermas {\r\n        display: flex;\r\n        align-items: center;\r\n        gap: 10px;\r\n        cursor: pointer;\r\n    }\r\n\r\n    .about_us_curvy1_22_1 .right .btn-round {\r\n        margin-top: 30px;\r\n    }\r\n\r\n    .about_us_curvy1_22_1 .right h2 {\r\n        padding-bottom: 23px;\r\n    }\r\n\r\n    .about_us_curvy1_22_1 .col-imagen img {\r\n        border-radius: 30px;\r\n        width: 100%;\r\n    }\r\n\r\n     .about_us_curvy1_22_1 .col-imagen .imagen {\r\n        display: -webkit-box;\r\n        \/* OLD - iOS 6-, Safari 3.1-6 *\/\r\n        display: -moz-box;\r\n        \/* OLD - Firefox 19- (buggy but mostly works) *\/\r\n        display: -ms-flexbox;\r\n        \/* TWEENER - IE 10 *\/\r\n        display: -webkit-flex;\r\n        \/* NEW - Chrome *\/\r\n        display: flex;\r\n        \/* NEW, Spec - Firefox, Chrome, Opera *\/\r\n        gap: 30px;\r\n        overflow: hidden;\r\n        float: right;\r\n        flex-direction: row;\r\n        transition: all 0.5s ease;\r\n    }\r\n\r\n    .about_us_curvy1_22_1 .col-imagen .imagen.image2 {\r\n        justify-content: flex-end;\r\n    }\r\n\r\n    .about_us_curvy1_22_1 .col-imagen .imagen.image1 {\r\n        justify-content: flex-start;\r\n    }\r\n\r\n    .about_us_curvy1_22_1 .col-imagen {\r\n        width: 50%;\r\n    }\r\n\r\n    .about_us_curvy1_22_1 .col-texto {\r\n        width: 50%;\r\n        padding-left: 60px;\r\n    }\r\n\r\n    .about_us_curvy1_22_1 .btn-round {\r\n        border-radius: 60px;\r\n        padding: 12px 25px;\r\n        display: inline-block;\r\n        min-width: 175px;\r\n        text-align: center;\r\n        text-decoration: none;\r\n    }\r\n\r\n    .about_us_curvy1_22_1 .right .texto *:last-child {\r\n        padding-bottom: 0;\r\n    }\r\n\r\n    .about_us_curvy1_22_1 .right .texto.show p:not(:first-child) {\r\n        display: block;\r\n    }\r\n\r\n    .about_us_curvy1_22_1 .right .texto p:not(:first-child) {\r\n        display: none;\r\n    }\r\n\r\n    .about_us_curvy1_22_1 .right .texto * {\r\n        padding-bottom: 20px;\r\n        font-size: inherit;\r\n        font-weight: inherit;\r\n        line-height: inherit;\r\n        letter-spacing: inherit;\r\n        font-family: inherit;\r\n    }\r\n\r\n    .about_us_curvy1_22_1 {\r\n        padding: 55px 0;\r\n        margin-top: -1px;\r\n    }\r\n\r\n    .about_us_curvy1_22_1 .col-imagen .imagen.hover2 .imagen1 {\r\n        width: 24%;\r\n        background-position: right;\r\n    }\r\n\r\n    .about_us_curvy1_22_1 .col-imagen .imagen.hover1 .imagen2 {\r\n        width: 24%;\r\n        background-position: left;\r\n    }\r\n\r\n    .about_us_curvy1_22_1 .col-imagen .imagen {\r\n        float: none;\r\n        gap: 30px;\r\n    }\r\n\r\n    .about_us_curvy1_22_1 .col-imagen .imagen.hover2 .imagen2,\r\n    .about_us_curvy1_22_1 .imagen2 {\r\n        width: 24%;\r\n        background-position: left;\r\n        border-radius: 30px;\r\n        background-repeat: no-repeat;\r\n        background-size: cover;\r\n        transition: all ease .3s;\r\n    }\r\n\r\n     .about_us_curvy1_22_1 .col-imagen .imagen.hover2 .imagen2,\r\n    .about_us_curvy1_22_1 .col-imagen .imagen.hover1 .imagen1,\r\n    .about_us_curvy1_22_1 .imagen1 {\r\n        width: 76%;\r\n        background-position: center;\r\n    }\r\n\r\n    .about_us_curvy1_22_1 .imagen2,\r\n    .about_us_curvy1_22_1 .imagen1 {\r\n        height: 566px;\r\n        transition: all ease .3s;\r\n        border-radius: 30px;\r\n        background-repeat: no-repeat;\r\n        background-size: cover;\r\n    }\r\n\r\n     @media (max-width:1550px) {\r\n        .about_us_curvy1_22_1 {\r\n            padding-right: 0;\r\n        }\r\n\r\n        .about_us_curvy1_22_1 .col-imagen img {\r\n            width: 80%;\r\n        }\r\n    }\r\n\r\n    @media (max-width:1300px) {\r\n        .about_us_curvy1_22_1 .col-texto {\r\n            width: 50%;\r\n        }\r\n    }\r\n\r\n    @media (max-width:1200px) {\r\n        .about_us_curvy1_22_1 .col-imagen {\r\n            width: 100%;\r\n        }\r\n\r\n        .about_us_curvy1_22_1 .col-texto {\r\n            padding-left: 15px;\r\n        }\r\n\r\n        .about_us_curvy1_22_1 .row {\r\n            flex-direction: column;\r\n            align-items: self-start;\r\n            gap: 30px;\r\n        }\r\n\r\n        .about_us_curvy1_22_1 .col-texto {\r\n            width: 100%;\r\n        }\r\n    }\r\n\r\n    @media (max-width:992px) {\r\n\r\n        .about_us_curvy1_22_1 .imagen2,\r\n        .about_us_curvy1_22_1 .imagen1 {\r\n            height: 400px;\r\n        }\r\n\r\n        .about_us_curvy1_22_1 .col-imagen {\r\n            width: 100%;\r\n        }\r\n\r\n        .about_us_curvy1_22_1 {\r\n            padding: 40px 0;\r\n        }\r\n    }\r\n\r\n    @media (max-width:768px) {\r\n        .about_us_curvy1_22_1 .right h2 {\r\n            line-height: var(--tamano5-line-height);\r\n        }\r\n\r\n        .about_us_curvy1_22_1 .imagen2,\r\n        .about_us_curvy1_22_1 .imagen1 {\r\n            height: 260px;\r\n            max-height: 260px;\r\n        }\r\n    }\r\n\r\n    @media (max-width:350px) {\r\n\r\n        .about_us_curvy1_22_1 .imagen2,\r\n        .about_us_curvy1_22_1 .imagen1 {\r\n            height: 200px;\r\n            max-height: 200px;\r\n        }\r\n    }\r\n<\/style>\r\n<script>\r\n    jQuery('.about_us_curvy1_22_1 .vermas').on('click', function() {\r\n        jQuery('.about_us_curvy1_22_1 .texto').toggleClass('show');\r\n        jQuery('.about_us_curvy1_22_1 .vermas').toggleClass('show');\r\n        jQuery('.about_us_curvy1_22_1 .vermas span').toggleClass('hide');\r\n    });\r\n\r\n\r\n    jQuery('.about_us_curvy1_22_1 .imagen2').on('mouseenter', function() {\r\n        jQuery('.about_us_curvy1_22_1 .col-imagen .imagen').addClass('hover2');\r\n        jQuery('.about_us_curvy1_22_1 .col-imagen .imagen').removeClass('hover1');\r\n    });\r\n\r\n    jQuery('.about_us_curvy1_22_1 .imagen1').on('mouseenter', function() {\r\n        jQuery('.about_us_curvy1_22_1 .col-imagen .imagen').addClass('hover1');\r\n        jQuery('.about_us_curvy1_22_1 .col-imagen .imagen').removeClass('hover2');\r\n    });\r\n<\/script>\r\n\n\n<section class=\"about_us_curvy1_22_1 background-1-light\" data-block-id=\"69e0db5d689e869e0db5d689e9\" data-block-name=\"acf\/about-us-curvy1-22-1\" data-post-id=\"2144\" data-stable-id=\"block_007dfa223f2b1ddad909ee51b88c8c54\">\r\n    <div class=\"container\">\r\n        <div class=\"row\">\r\n            <div class=\"col col-imagen\">\r\n                <div class=\"imagen\">\r\n                    <div class=\"imagen1\" style=\"background-image: url('https:\/\/cuidartecuidando.es\/wp-content\/uploads\/2025\/09\/pexels-freestocks-34407-scaled.jpg');\"\r\n                        aria-label=\"\"><\/div>\r\n                    <div class=\"imagen2\" style=\"background-image: url('https:\/\/cuidartecuidando.es\/wp-content\/uploads\/2025\/09\/portada-general.jpg');\"\r\n                        aria-label=\"\"><\/div>\r\n                <\/div>\r\n            <\/div>\r\n            <div class=\"col col-texto\">\r\n                <div class=\"right\">\r\n                                        <h2 class=\"tamano3 color-1-headings-dark\"><span class=\"ez-toc-section\" id=\"Mira_nuestros_podcats\"><\/span>Mira nuestros podcats <span class=\"ez-toc-section-end\"><\/span><\/h2>\r\n                                                            <div class=\"texto color-1-body-dark tamano7\"><p>Bienvenidos a \u201cCuidarte Cuidando\u201d, un canal donde hablamos del arte de cuidar\u2026 sin dejar de cuidarte. Aqu\u00ed descubrir\u00e1s consejos, herramientas y testimonios que te inspirar\u00e1n a vivir tu rol de cuidador con m\u00e1s serenidad, equilibrio y bienestar. Suscr\u00edbete y acomp\u00e1\u00f1anos en esta comunidad donde cuidarnos tambi\u00e9n forma parte del camino.<\/p>\n<\/div>\r\n                                        \r\n                                            <a href=\"https:\/\/www.youtube.com\/\" target=\"\" class=\"btn-round tamano-7-mediumcta color-boton-1-texto-normal color-boton-1-texto-hover color-boton-1-normal color-boton-1-hover\">\r\n    \r\n    <span>IR A YOUTUBE<\/span>\r\n<\/a>\r\n\r\n<style>\r\n    .btn-border-rounded {\r\n        border-radius: 12px !important;\r\n    }\r\n\r\n    .btn-border-square {\r\n        border-radius: 0 !important;\r\n    }\r\n\r\n    \/* Estilos de hover *\/\r\n    .btn-hover-hover1:hover {\r\n        filter: contrast(0.55);\r\n    }\r\n\r\n    .btn-hover-hover2:hover {\r\n        filter: sepia(2);\r\n    }\r\n\r\n    \/* Estilos del icono cuando existe *\/\r\n    a i {\r\n        margin-right: 8px;\r\n        font-size: 16px;\r\n    }\r\n\r\n    \/* Icono Lucide *\/\r\n    .btn-icon--lucide {\r\n        display: inline-flex;\r\n        align-items: center;\r\n        justify-content: center;\r\n        margin-right: 8px;\r\n    }\r\n\r\n    .btn-icon--lucide svg {\r\n        width: 16px;\r\n        height: 16px;\r\n        display: block;\r\n    }\r\n<\/style>\r\n                                    <\/div>\r\n            <\/div>\r\n        <\/div>\r\n    <\/div>\r\n<\/section>\r\n<style>\r\n    .about_us_curvy1_22_1 .row {\r\n        display: flex;\r\n        justify-content: flex-start;\r\n        align-items: center;\r\n    }\r\n\r\n    .about_us_curvy1_22_1 .right .vermas span {\r\n        font-weight: var(--tamano5-font-weight);\r\n    }\r\n\r\n    .about_us_curvy1_22_1 .vermas svg path {\r\n        stroke: var(--boton-4-texto-normal);\r\n    }\r\n\r\n    .about_us_curvy1_22_1 .vermas .hide {\r\n        display: none;\r\n    }\r\n\r\n    .about_us_curvy1_22_1 .vermas.show svg {\r\n        transform: rotate(180deg);\r\n    }\r\n\r\n    .about_us_curvy1_22_1 .vermas.show {\r\n        padding-top: 20px;\r\n    }\r\n\r\n    .about_us_curvy1_22_1 .vermas {\r\n        display: flex;\r\n        align-items: center;\r\n        gap: 10px;\r\n        cursor: pointer;\r\n    }\r\n\r\n    .about_us_curvy1_22_1 .right .btn-round {\r\n        margin-top: 30px;\r\n    }\r\n\r\n    .about_us_curvy1_22_1 .right h2 {\r\n        padding-bottom: 23px;\r\n    }\r\n\r\n    .about_us_curvy1_22_1 .col-imagen img {\r\n        border-radius: 30px;\r\n        width: 100%;\r\n    }\r\n\r\n     .about_us_curvy1_22_1 .col-imagen .imagen {\r\n        display: -webkit-box;\r\n        \/* OLD - iOS 6-, Safari 3.1-6 *\/\r\n        display: -moz-box;\r\n        \/* OLD - Firefox 19- (buggy but mostly works) *\/\r\n        display: -ms-flexbox;\r\n        \/* TWEENER - IE 10 *\/\r\n        display: -webkit-flex;\r\n        \/* NEW - Chrome *\/\r\n        display: flex;\r\n        \/* NEW, Spec - Firefox, Chrome, Opera *\/\r\n        gap: 30px;\r\n        overflow: hidden;\r\n        float: right;\r\n        flex-direction: row;\r\n        transition: all 0.5s ease;\r\n    }\r\n\r\n    .about_us_curvy1_22_1 .col-imagen .imagen.image2 {\r\n        justify-content: flex-end;\r\n    }\r\n\r\n    .about_us_curvy1_22_1 .col-imagen .imagen.image1 {\r\n        justify-content: flex-start;\r\n    }\r\n\r\n    .about_us_curvy1_22_1 .col-imagen {\r\n        width: 50%;\r\n    }\r\n\r\n    .about_us_curvy1_22_1 .col-texto {\r\n        width: 50%;\r\n        padding-left: 60px;\r\n    }\r\n\r\n    .about_us_curvy1_22_1 .btn-round {\r\n        border-radius: 60px;\r\n        padding: 12px 25px;\r\n        display: inline-block;\r\n        min-width: 175px;\r\n        text-align: center;\r\n        text-decoration: none;\r\n    }\r\n\r\n    .about_us_curvy1_22_1 .right .texto *:last-child {\r\n        padding-bottom: 0;\r\n    }\r\n\r\n    .about_us_curvy1_22_1 .right .texto.show p:not(:first-child) {\r\n        display: block;\r\n    }\r\n\r\n    .about_us_curvy1_22_1 .right .texto p:not(:first-child) {\r\n        display: none;\r\n    }\r\n\r\n    .about_us_curvy1_22_1 .right .texto * {\r\n        padding-bottom: 20px;\r\n        font-size: inherit;\r\n        font-weight: inherit;\r\n        line-height: inherit;\r\n        letter-spacing: inherit;\r\n        font-family: inherit;\r\n    }\r\n\r\n    .about_us_curvy1_22_1 {\r\n        padding: 55px 0;\r\n        margin-top: -1px;\r\n    }\r\n\r\n    .about_us_curvy1_22_1 .col-imagen .imagen.hover2 .imagen1 {\r\n        width: 24%;\r\n        background-position: right;\r\n    }\r\n\r\n    .about_us_curvy1_22_1 .col-imagen .imagen.hover1 .imagen2 {\r\n        width: 24%;\r\n        background-position: left;\r\n    }\r\n\r\n    .about_us_curvy1_22_1 .col-imagen .imagen {\r\n        float: none;\r\n        gap: 30px;\r\n    }\r\n\r\n    .about_us_curvy1_22_1 .col-imagen .imagen.hover2 .imagen2,\r\n    .about_us_curvy1_22_1 .imagen2 {\r\n        width: 24%;\r\n        background-position: left;\r\n        border-radius: 30px;\r\n        background-repeat: no-repeat;\r\n        background-size: cover;\r\n        transition: all ease .3s;\r\n    }\r\n\r\n     .about_us_curvy1_22_1 .col-imagen .imagen.hover2 .imagen2,\r\n    .about_us_curvy1_22_1 .col-imagen .imagen.hover1 .imagen1,\r\n    .about_us_curvy1_22_1 .imagen1 {\r\n        width: 76%;\r\n        background-position: center;\r\n    }\r\n\r\n    .about_us_curvy1_22_1 .imagen2,\r\n    .about_us_curvy1_22_1 .imagen1 {\r\n        height: 566px;\r\n        transition: all ease .3s;\r\n        border-radius: 30px;\r\n        background-repeat: no-repeat;\r\n        background-size: cover;\r\n    }\r\n\r\n     @media (max-width:1550px) {\r\n        .about_us_curvy1_22_1 {\r\n            padding-right: 0;\r\n        }\r\n\r\n        .about_us_curvy1_22_1 .col-imagen img {\r\n            width: 80%;\r\n        }\r\n    }\r\n\r\n    @media (max-width:1300px) {\r\n        .about_us_curvy1_22_1 .col-texto {\r\n            width: 50%;\r\n        }\r\n    }\r\n\r\n    @media (max-width:1200px) {\r\n        .about_us_curvy1_22_1 .col-imagen {\r\n            width: 100%;\r\n        }\r\n\r\n        .about_us_curvy1_22_1 .col-texto {\r\n            padding-left: 15px;\r\n        }\r\n\r\n        .about_us_curvy1_22_1 .row {\r\n            flex-direction: column;\r\n            align-items: self-start;\r\n            gap: 30px;\r\n        }\r\n\r\n        .about_us_curvy1_22_1 .col-texto {\r\n            width: 100%;\r\n        }\r\n    }\r\n\r\n    @media (max-width:992px) {\r\n\r\n        .about_us_curvy1_22_1 .imagen2,\r\n        .about_us_curvy1_22_1 .imagen1 {\r\n            height: 400px;\r\n        }\r\n\r\n        .about_us_curvy1_22_1 .col-imagen {\r\n            width: 100%;\r\n        }\r\n\r\n        .about_us_curvy1_22_1 {\r\n            padding: 40px 0;\r\n        }\r\n    }\r\n\r\n    @media (max-width:768px) {\r\n        .about_us_curvy1_22_1 .right h2 {\r\n            line-height: var(--tamano5-line-height);\r\n        }\r\n\r\n        .about_us_curvy1_22_1 .imagen2,\r\n        .about_us_curvy1_22_1 .imagen1 {\r\n            height: 260px;\r\n            max-height: 260px;\r\n        }\r\n    }\r\n\r\n    @media (max-width:350px) {\r\n\r\n        .about_us_curvy1_22_1 .imagen2,\r\n        .about_us_curvy1_22_1 .imagen1 {\r\n            height: 200px;\r\n            max-height: 200px;\r\n        }\r\n    }\r\n<\/style>\r\n<script>\r\n    jQuery('.about_us_curvy1_22_1 .vermas').on('click', function() {\r\n        jQuery('.about_us_curvy1_22_1 .texto').toggleClass('show');\r\n        jQuery('.about_us_curvy1_22_1 .vermas').toggleClass('show');\r\n        jQuery('.about_us_curvy1_22_1 .vermas span').toggleClass('hide');\r\n    });\r\n\r\n\r\n    jQuery('.about_us_curvy1_22_1 .imagen2').on('mouseenter', function() {\r\n        jQuery('.about_us_curvy1_22_1 .col-imagen .imagen').addClass('hover2');\r\n        jQuery('.about_us_curvy1_22_1 .col-imagen .imagen').removeClass('hover1');\r\n    });\r\n\r\n    jQuery('.about_us_curvy1_22_1 .imagen1').on('mouseenter', function() {\r\n        jQuery('.about_us_curvy1_22_1 .col-imagen .imagen').addClass('hover1');\r\n        jQuery('.about_us_curvy1_22_1 .col-imagen .imagen').removeClass('hover2');\r\n    });\r\n<\/script>\r\n\n\n\n<p><\/p>\n","protected":false},"excerpt":{"rendered":"","protected":false},"author":1,"featured_media":2395,"parent":0,"menu_order":0,"comment_status":"open","ping_status":"closed","template":"","meta":{"_acf_changed":false,"iawp_total_views":0,"footnotes":""},"class_list":["post-2144","page","type-page","status-publish","has-post-thumbnail","hentry"],"acf":[],"yoast_head":"<!-- This site is optimized with the Yoast SEO plugin v27.4 - https:\/\/yoast.com\/product\/yoast-seo-wordpress\/ -->\n<title>Cursos online para cuidadores - Cuidarte Cuidando<\/title>\n<meta name=\"description\" content=\"Descubre recursos y formaci\u00f3n para cuidadores de personas con discapacidad. Aprende desde cualquier dispositivo con Cuidarte Cuidando.\" \/>\n<meta name=\"robots\" content=\"index, follow, max-snippet:-1, max-image-preview:large, max-video-preview:-1\" \/>\n<link rel=\"canonical\" href=\"https:\/\/cuidartecuidando.es\/ca\/podcasts\/\" \/>\n<meta property=\"og:locale\" content=\"ca_ES\" \/>\n<meta property=\"og:type\" content=\"article\" \/>\n<meta property=\"og:title\" content=\"Cursos online para cuidadores - Cuidarte Cuidando\" \/>\n<meta property=\"og:description\" content=\"Descubre recursos y formaci\u00f3n para cuidadores de personas con discapacidad. Aprende desde cualquier dispositivo con Cuidarte Cuidando.\" \/>\n<meta property=\"og:url\" content=\"https:\/\/cuidartecuidando.es\/ca\/podcasts\/\" \/>\n<meta property=\"og:site_name\" content=\"Henar G\u00f3mez\" \/>\n<meta property=\"article:modified_time\" content=\"2025-10-02T09:25:38+00:00\" \/>\n<meta property=\"og:image\" content=\"https:\/\/cuidartecuidando.es\/wp-content\/uploads\/2025\/09\/pexels-jean-balzan-210755-682082-scaled.jpg\" \/>\n\t<meta property=\"og:image:width\" content=\"2560\" \/>\n\t<meta property=\"og:image:height\" content=\"1707\" \/>\n\t<meta property=\"og:image:type\" content=\"image\/jpeg\" \/>\n<meta name=\"twitter:card\" content=\"summary_large_image\" \/>\n<meta name=\"twitter:label1\" content=\"Temps estimat de lectura\" \/>\n\t<meta name=\"twitter:data1\" content=\"1 minut\" \/>\n<!-- \/ Yoast SEO plugin. -->","yoast_head_json":{"title":"Cursos online para cuidadores - Cuidarte Cuidando","description":"Descubre recursos y formaci\u00f3n para cuidadores de personas con discapacidad. Aprende desde cualquier dispositivo con Cuidarte Cuidando.","robots":{"index":"index","follow":"follow","max-snippet":"max-snippet:-1","max-image-preview":"max-image-preview:large","max-video-preview":"max-video-preview:-1"},"canonical":"https:\/\/cuidartecuidando.es\/ca\/podcasts\/","og_locale":"ca_ES","og_type":"article","og_title":"Cursos online para cuidadores - Cuidarte Cuidando","og_description":"Descubre recursos y formaci\u00f3n para cuidadores de personas con discapacidad. Aprende desde cualquier dispositivo con Cuidarte Cuidando.","og_url":"https:\/\/cuidartecuidando.es\/ca\/podcasts\/","og_site_name":"Henar G\u00f3mez","article_modified_time":"2025-10-02T09:25:38+00:00","og_image":[{"width":2560,"height":1707,"url":"https:\/\/cuidartecuidando.es\/wp-content\/uploads\/2025\/09\/pexels-jean-balzan-210755-682082-scaled.jpg","type":"image\/jpeg"}],"twitter_card":"summary_large_image","twitter_misc":{"Temps estimat de lectura":"1 minut"},"schema":{"@context":"https:\/\/schema.org","@graph":[{"@type":"WebPage","@id":"https:\/\/cuidartecuidando.es\/ca\/podcasts\/","url":"https:\/\/cuidartecuidando.es\/ca\/podcasts\/","name":"Cursos online para cuidadores - Cuidarte Cuidando","isPartOf":{"@id":"https:\/\/cuidartecuidando.es\/ca\/#website"},"primaryImageOfPage":{"@id":"https:\/\/cuidartecuidando.es\/ca\/podcasts\/#primaryimage"},"image":{"@id":"https:\/\/cuidartecuidando.es\/ca\/podcasts\/#primaryimage"},"thumbnailUrl":"https:\/\/cuidartecuidando.es\/wp-content\/uploads\/2025\/09\/pexels-jean-balzan-210755-682082-scaled.jpg","datePublished":"2025-09-12T12:32:28+00:00","dateModified":"2025-10-02T09:25:38+00:00","description":"Descubre recursos y formaci\u00f3n para cuidadores de personas con discapacidad. Aprende desde cualquier dispositivo con Cuidarte Cuidando.","breadcrumb":{"@id":"https:\/\/cuidartecuidando.es\/ca\/podcasts\/#breadcrumb"},"inLanguage":"ca","potentialAction":[{"@type":"ReadAction","target":["https:\/\/cuidartecuidando.es\/ca\/podcasts\/"]}]},{"@type":"ImageObject","inLanguage":"ca","@id":"https:\/\/cuidartecuidando.es\/ca\/podcasts\/#primaryimage","url":"https:\/\/cuidartecuidando.es\/wp-content\/uploads\/2025\/09\/pexels-jean-balzan-210755-682082-scaled.jpg","contentUrl":"https:\/\/cuidartecuidando.es\/wp-content\/uploads\/2025\/09\/pexels-jean-balzan-210755-682082-scaled.jpg","width":2560,"height":1707},{"@type":"BreadcrumbList","@id":"https:\/\/cuidartecuidando.es\/ca\/podcasts\/#breadcrumb","itemListElement":[{"@type":"ListItem","position":1,"name":"Portada","item":"https:\/\/cuidartecuidando.es\/ca\/"},{"@type":"ListItem","position":2,"name":"Podcasts"}]},{"@type":"WebSite","@id":"https:\/\/cuidartecuidando.es\/ca\/#website","url":"https:\/\/cuidartecuidando.es\/ca\/","name":"Henar G\u00f3mez","description":"Cuidarte Cuidando nace con un objetivo claro: poner en el centro el bienestar de las personas cuidadoras. Acompa\u00f1amos a familias y profesionales que cuidan de personas dependientes, ofreciendo herramientas, formaci\u00f3n y espacios de reflexi\u00f3n que ayudan a cuidar sin perderse a uno mismo.  Creemos que cuidar tambi\u00e9n debe ser una experiencia sostenida, reconocida y acompa\u00f1ada. Por eso promovemos un modelo integral de bienestar que incluye la dimensi\u00f3n psicol\u00f3gica, emocional, f\u00edsica y social.  Nuestro prop\u00f3sito es que nadie que cuide se sienta solo\/a.","publisher":{"@id":"https:\/\/cuidartecuidando.es\/ca\/#organization"},"potentialAction":[{"@type":"SearchAction","target":{"@type":"EntryPoint","urlTemplate":"https:\/\/cuidartecuidando.es\/ca\/?s={search_term_string}"},"query-input":{"@type":"PropertyValueSpecification","valueRequired":true,"valueName":"search_term_string"}}],"inLanguage":"ca"},{"@type":"Organization","@id":"https:\/\/cuidartecuidando.es\/ca\/#organization","name":"Henar G\u00f3mez","url":"https:\/\/cuidartecuidando.es\/ca\/","logo":{"@type":"ImageObject","inLanguage":"ca","@id":"https:\/\/cuidartecuidando.es\/ca\/#\/schema\/logo\/image\/","url":"https:\/\/cuidartecuidando.es\/wp-content\/uploads\/2025\/03\/678d2a792e1b9_Logo-Henar-Gomez.png","contentUrl":"https:\/\/cuidartecuidando.es\/wp-content\/uploads\/2025\/03\/678d2a792e1b9_Logo-Henar-Gomez.png","width":500,"height":500,"caption":"Henar G\u00f3mez"},"image":{"@id":"https:\/\/cuidartecuidando.es\/ca\/#\/schema\/logo\/image\/"}}]}},"_links":{"self":[{"href":"https:\/\/cuidartecuidando.es\/ca\/wp-json\/wp\/v2\/pages\/2144","targetHints":{"allow":["GET"]}}],"collection":[{"href":"https:\/\/cuidartecuidando.es\/ca\/wp-json\/wp\/v2\/pages"}],"about":[{"href":"https:\/\/cuidartecuidando.es\/ca\/wp-json\/wp\/v2\/types\/page"}],"author":[{"embeddable":true,"href":"https:\/\/cuidartecuidando.es\/ca\/wp-json\/wp\/v2\/users\/1"}],"replies":[{"embeddable":true,"href":"https:\/\/cuidartecuidando.es\/ca\/wp-json\/wp\/v2\/comments?post=2144"}],"version-history":[{"count":1,"href":"https:\/\/cuidartecuidando.es\/ca\/wp-json\/wp\/v2\/pages\/2144\/revisions"}],"predecessor-version":[{"id":2393,"href":"https:\/\/cuidartecuidando.es\/ca\/wp-json\/wp\/v2\/pages\/2144\/revisions\/2393"}],"wp:featuredmedia":[{"embeddable":true,"href":"https:\/\/cuidartecuidando.es\/ca\/wp-json\/wp\/v2\/media\/2395"}],"wp:attachment":[{"href":"https:\/\/cuidartecuidando.es\/ca\/wp-json\/wp\/v2\/media?parent=2144"}],"curies":[{"name":"wp","href":"https:\/\/api.w.org\/{rel}","templated":true}]}}